{"id":2990,"date":"2026-01-15T09:07:52","date_gmt":"2026-01-15T09:07:52","guid":{"rendered":"https:\/\/aleksandrakomasz-plus.com\/product\/longevity-plus\/"},"modified":"2026-03-27T10:56:19","modified_gmt":"2026-03-27T10:56:19","slug":"longevity-plus","status":"publish","type":"product","link":"https:\/\/www.aleksandrakomasz-plus.com\/sl\/izdelek\/longevity-plus\/","title":{"rendered":"Dolgo\u017eivost Plus"},"content":{"rendered":"","protected":false},"excerpt":{"rendered":"<p><span style=\"font-weight: 400;\"><strong>Super Omega 3-6-9 + Ashwagandha Plus + CoQ10<\/strong><br \/>\n<\/span><\/p>\n<p><span style=\"font-weight: 400;\">Protistarostna podpora za celice, srce in hormone<\/span><\/p>\n<p><span style=\"font-weight: 400;\">V ajurvedi se dolgo\u017eivost razume kot kombinacija mo\u010dne vitalnosti, u\u010dinkovitega metabolizma in stabilnega \u017eiv\u010dnega sistema. Ta paket zdru\u017euje klju\u010dne snovi, priporo\u010dene v centru kot del protistarostnih programov in regenerativne podpore.<\/span><\/p>\n","protected":false},"featured_media":3302,"comment_status":"open","ping_status":"closed","template":"","meta":{"_acf_changed":false,"_kad_blocks_custom_css":"","_kad_blocks_head_custom_js":"","_kad_blocks_body_custom_js":"","_kad_blocks_footer_custom_js":"","_kad_post_transparent":"default","_kad_post_title":"","_kad_post_layout":"default","_kad_post_sidebar_id":"","_kad_post_content_style":"default","_kad_post_vertical_padding":"default","_kad_post_feature":"","_kad_post_feature_position":"","_kad_post_header":false,"_kad_post_footer":false,"_kad_post_classname":""},"ingredients":[146,171,170],"product_brand":[],"product_cat":[169,167,164,156,153,94,168],"product_tag":[],"product_brands":[],"class_list":{"0":"post-2990","1":"product","2":"type-product","3":"status-publish","4":"has-post-thumbnail","6":"ingredients-ashwagandha","7":"ingredients-coq10","8":"ingredients-omega-3-6-9","9":"product_cat-celicna-energija-in-mitohondriji","10":"product_cat-energija-in-okrevanje","11":"product_cat-hormonsko-ravnovesje-podpora","12":"product_cat-imunska-odpornost","13":"product_cat-imunski-sistem","14":"product_cat-bundles","15":"product_cat-vitalnost-in-zdravo-staranje","17":"first","18":"outofstock","19":"taxable","20":"shipping-taxable","21":"purchasable","22":"product-type-simple","23":"entry","24":"content-bg","25":"loop-entry"},"acf":[],"taxonomy_info":{"ingredients":[{"value":146,"label":"A\u0161vaganda"},{"value":171,"label":"Koencim Q10"},{"value":170,"label":"Omega 3-6-9"}],"product_cat":[{"value":169,"label":"Celi\u010dna energija in mitohondriji"},{"value":167,"label":"Energija in okrevanje"},{"value":164,"label":"Hormonsko ravnovesje (podpora)"},{"value":156,"label":"Imunska odpornost"},{"value":153,"label":"Imunski sistem"},{"value":94,"label":"Paketi"},{"value":168,"label":"Vitalnost in zdravo staranje"}]},"featured_image_src_large":["https:\/\/www.aleksandrakomasz-plus.com\/wp-content\/uploads\/2025\/11\/6-2-1024x1024.webp",1024,1024,true],"author_info":[],"comment_info":0,"_links":{"self":[{"href":"https:\/\/www.aleksandrakomasz-plus.com\/sl\/wp-json\/wp\/v2\/product\/2990","targetHints":{"allow":["GET"]}}],"collection":[{"href":"https:\/\/www.aleksandrakomasz-plus.com\/sl\/wp-json\/wp\/v2\/product"}],"about":[{"href":"https:\/\/www.aleksandrakomasz-plus.com\/sl\/wp-json\/wp\/v2\/types\/product"}],"replies":[{"embeddable":true,"href":"https:\/\/www.aleksandrakomasz-plus.com\/sl\/wp-json\/wp\/v2\/comments?post=2990"}],"wp:featuredmedia":[{"embeddable":true,"href":"https:\/\/www.aleksandrakomasz-plus.com\/sl\/wp-json\/wp\/v2\/media\/3302"}],"wp:attachment":[{"href":"https:\/\/www.aleksandrakomasz-plus.com\/sl\/wp-json\/wp\/v2\/media?parent=2990"}],"wp:term":[{"taxonomy":"ingredients","embeddable":true,"href":"https:\/\/www.aleksandrakomasz-plus.com\/sl\/wp-json\/wp\/v2\/ingredients?post=2990"},{"taxonomy":"product_brand","embeddable":true,"href":"https:\/\/www.aleksandrakomasz-plus.com\/sl\/wp-json\/wp\/v2\/product_brand?post=2990"},{"taxonomy":"product_cat","embeddable":true,"href":"https:\/\/www.aleksandrakomasz-plus.com\/sl\/wp-json\/wp\/v2\/product_cat?post=2990"},{"taxonomy":"product_tag","embeddable":true,"href":"https:\/\/www.aleksandrakomasz-plus.com\/sl\/wp-json\/wp\/v2\/product_tag?post=2990"},{"taxonomy":"product_brands","embeddable":true,"href":"https:\/\/www.aleksandrakomasz-plus.com\/sl\/wp-json\/wp\/v2\/product_brands?post=2990"}],"curies":[{"name":"wp","href":"https:\/\/api.w.org\/{rel}","templated":true}]}}