{"id":2943,"date":"2026-01-15T09:14:37","date_gmt":"2026-01-15T09:14:37","guid":{"rendered":"https:\/\/aleksandrakomasz-plus.com\/product\/gut-vitality-plus\/"},"modified":"2026-04-08T10:28:21","modified_gmt":"2026-04-08T10:28:21","slug":"gut-vitality-plus","status":"publish","type":"product","link":"https:\/\/www.aleksandrakomasz-plus.com\/sl\/izdelek\/gut-vitality-plus\/","title":{"rendered":"Gut Vitality Plus"},"content":{"rendered":"","protected":false},"excerpt":{"rendered":"<p><strong>Celostna podpora za ravnovesje \u010drevesja in dobro po\u010dutje<br \/>\n<\/strong><span style=\"font-weight: 400;\"><br \/>\n<\/span><span style=\"font-weight: 400;\">Gut Vitality Plus je skrbno zasnovan paket za vse, ki \u017eelijo izbolj\u0161ati svojo prebavo in vsakodnevno dobro po\u010dutje na naraven in uravnote\u017een na\u010din. Zdru\u017euje dve premi\u0161ljeno izbrani formuli, Triphala Plus in Probio Duo Plus, ki se med seboj smiselno dopolnjujeta.<br \/>\nTriphala Plus temelji na klasi\u010dni ajurvedski me\u0161anici treh sade\u017eev, amalakija, bibhitakija in haritakija, dopolnjeni s komar\u010dkom in vrtnico. Formula je namenjena podpori urejenemu jutranjemu ritmu prebave, ob\u010dutku lahkotnosti ter vsakodnevnemu notranjemu ravnovesju. Probio Duo Plus pa prina\u0161a sodoben pristop k podpori \u010drevesnega mikrobioma. Vsebuje 7 milijard dobrih bakterij iz skrbno izbranih sevov ter prebiotike, ki slu\u017eijo kot hrana koristnim bakterijam v \u010drevesju. Patentirana kapsula-v-kapsuli nudi dodatno za\u0161\u010dito ob\u010dutljivim bakterijam, da dose\u017eejo \u010drevesje nepo\u0161kodovane.<\/span><\/p>\n","protected":false},"featured_media":2944,"comment_status":"open","ping_status":"closed","template":"","meta":{"_acf_changed":false,"_kad_blocks_custom_css":"","_kad_blocks_head_custom_js":"","_kad_blocks_body_custom_js":"","_kad_blocks_footer_custom_js":"","_kad_post_transparent":"default","_kad_post_title":"","_kad_post_layout":"default","_kad_post_sidebar_id":"","_kad_post_content_style":"default","_kad_post_vertical_padding":"default","_kad_post_feature":"","_kad_post_feature_position":"","_kad_post_header":false,"_kad_post_footer":false,"_kad_post_classname":""},"ingredients":[150,185,149],"product_brand":[],"product_cat":[154,156,153,128,94,152,155],"product_tag":[],"product_brands":[],"class_list":{"0":"post-2943","1":"product","2":"type-product","3":"status-publish","4":"has-post-thumbnail","6":"ingredients-amla-amalaki","7":"ingredients-probiotiki-2","8":"ingredients-triphala","9":"product_cat-crevesni-mikrobiom","10":"product_cat-imunska-odpornost","11":"product_cat-imunski-sistem","12":"product_cat-bestsellers","13":"product_cat-bundles","14":"product_cat-prebava","15":"product_cat-prebavna-funkcija-agni","17":"first","18":"instock","19":"sale","20":"taxable","21":"shipping-taxable","22":"purchasable","23":"product-type-simple","24":"entry","25":"content-bg","26":"loop-entry"},"acf":[],"taxonomy_info":{"ingredients":[{"value":150,"label":"Amla (Amalaki)"},{"value":185,"label":"Probiotiki"},{"value":149,"label":"Triphala"}],"product_cat":[{"value":154,"label":"\u010crevesni mikrobiom"},{"value":156,"label":"Imunska odpornost"},{"value":153,"label":"Imunski sistem"},{"value":128,"label":"Najbolje prodajano"},{"value":94,"label":"Paketi"},{"value":152,"label":"Prebava"},{"value":155,"label":"Prebavna funkcija (Agni)"}]},"featured_image_src_large":["https:\/\/www.aleksandrakomasz-plus.com\/wp-content\/uploads\/2026\/01\/Gut-vitality-plus-768x1024.webp",768,1024,true],"author_info":[],"comment_info":0,"_links":{"self":[{"href":"https:\/\/www.aleksandrakomasz-plus.com\/sl\/wp-json\/wp\/v2\/product\/2943","targetHints":{"allow":["GET"]}}],"collection":[{"href":"https:\/\/www.aleksandrakomasz-plus.com\/sl\/wp-json\/wp\/v2\/product"}],"about":[{"href":"https:\/\/www.aleksandrakomasz-plus.com\/sl\/wp-json\/wp\/v2\/types\/product"}],"replies":[{"embeddable":true,"href":"https:\/\/www.aleksandrakomasz-plus.com\/sl\/wp-json\/wp\/v2\/comments?post=2943"}],"wp:featuredmedia":[{"embeddable":true,"href":"https:\/\/www.aleksandrakomasz-plus.com\/sl\/wp-json\/wp\/v2\/media\/2944"}],"wp:attachment":[{"href":"https:\/\/www.aleksandrakomasz-plus.com\/sl\/wp-json\/wp\/v2\/media?parent=2943"}],"wp:term":[{"taxonomy":"ingredients","embeddable":true,"href":"https:\/\/www.aleksandrakomasz-plus.com\/sl\/wp-json\/wp\/v2\/ingredients?post=2943"},{"taxonomy":"product_brand","embeddable":true,"href":"https:\/\/www.aleksandrakomasz-plus.com\/sl\/wp-json\/wp\/v2\/product_brand?post=2943"},{"taxonomy":"product_cat","embeddable":true,"href":"https:\/\/www.aleksandrakomasz-plus.com\/sl\/wp-json\/wp\/v2\/product_cat?post=2943"},{"taxonomy":"product_tag","embeddable":true,"href":"https:\/\/www.aleksandrakomasz-plus.com\/sl\/wp-json\/wp\/v2\/product_tag?post=2943"},{"taxonomy":"product_brands","embeddable":true,"href":"https:\/\/www.aleksandrakomasz-plus.com\/sl\/wp-json\/wp\/v2\/product_brands?post=2943"}],"curies":[{"name":"wp","href":"https:\/\/api.w.org\/{rel}","templated":true}]}}