{"id":1586,"date":"2025-11-26T12:54:32","date_gmt":"2025-11-26T12:54:32","guid":{"rendered":"https:\/\/aleksandrakomasz-plus.com\/product\/ashwagandha-plus\/"},"modified":"2026-04-08T12:50:48","modified_gmt":"2026-04-08T12:50:48","slug":"ashwagandha-plus","status":"publish","type":"product","link":"https:\/\/www.aleksandrakomasz-plus.com\/sl\/izdelek\/ashwagandha-plus\/","title":{"rendered":"Ashwagandha Plus"},"content":{"rendered":"<p><strong><span class=\"s1\">Podpora \u017eiv\u010dnemu sistemu, hormonskemu ravnovesju in odpornosti na stres<\/span><\/strong><\/p>\n","protected":false},"excerpt":{"rendered":"<p><strong><span class=\"s1\">Podpora \u017eiv\u010dnemu sistemu, hormonskemu ravnovesju in odpornosti na stres<\/span><\/strong><\/p>\n<p><span class=\"s2\">Ashwagandha (<\/span><span class=\"s3\">Withania somnifera<\/span><span class=\"s2\">) je ena najpomembnej\u0161ih rastlin v ajurvedi, znana kot <\/span><strong><span class=\"s1\">adaptogen<\/span><\/strong><span class=\"s2\"><strong>,<\/strong> ki pomaga telesu vzpostaviti ravnovesje ob u\u010dinkovitem odzivu \u00a0na fizi\u010dni in psihi\u010dni stres.<\/span><\/p>\n<p class=\"p1\"><span class=\"s2\">Ashwagandha Plus je skrbno oblikovan izdelek, namenjen podpori pri sodobnem na\u010dinu \u017eivljenja, kjer se soo\u010damo z napetostjo, utrujenostjo in preobremenjenostjo.<\/span><\/p>\n","protected":false},"featured_media":7694,"comment_status":"open","ping_status":"closed","template":"","meta":{"_acf_changed":false,"_kad_blocks_custom_css":"","_kad_blocks_head_custom_js":"","_kad_blocks_body_custom_js":"","_kad_blocks_footer_custom_js":"","_kad_post_transparent":"default","_kad_post_title":"","_kad_post_layout":"default","_kad_post_sidebar_id":"","_kad_post_content_style":"default","_kad_post_vertical_padding":"default","_kad_post_feature":"","_kad_post_feature_position":"","_kad_post_header":false,"_kad_post_footer":false,"_kad_post_classname":""},"ingredients":[],"product_brand":[],"product_cat":[89],"product_tag":[],"product_brands":[],"class_list":{"0":"post-1586","1":"product","2":"type-product","3":"status-publish","4":"has-post-thumbnail","6":"product_cat-prehranska-dopolnila-2","8":"first","9":"instock","10":"taxable","11":"shipping-taxable","12":"purchasable","13":"product-type-simple","14":"entry","15":"content-bg","16":"loop-entry"},"acf":[],"taxonomy_info":{"product_cat":[{"value":89,"label":"Prehranska dopolnila"}]},"featured_image_src_large":["https:\/\/www.aleksandrakomasz-plus.com\/wp-content\/uploads\/2025\/11\/IMG_1566-e1775548167466-1021x1024.webp",1021,1024,true],"author_info":[],"comment_info":0,"_links":{"self":[{"href":"https:\/\/www.aleksandrakomasz-plus.com\/sl\/wp-json\/wp\/v2\/product\/1586","targetHints":{"allow":["GET"]}}],"collection":[{"href":"https:\/\/www.aleksandrakomasz-plus.com\/sl\/wp-json\/wp\/v2\/product"}],"about":[{"href":"https:\/\/www.aleksandrakomasz-plus.com\/sl\/wp-json\/wp\/v2\/types\/product"}],"replies":[{"embeddable":true,"href":"https:\/\/www.aleksandrakomasz-plus.com\/sl\/wp-json\/wp\/v2\/comments?post=1586"}],"wp:featuredmedia":[{"embeddable":true,"href":"https:\/\/www.aleksandrakomasz-plus.com\/sl\/wp-json\/wp\/v2\/media\/7694"}],"wp:attachment":[{"href":"https:\/\/www.aleksandrakomasz-plus.com\/sl\/wp-json\/wp\/v2\/media?parent=1586"}],"wp:term":[{"taxonomy":"ingredients","embeddable":true,"href":"https:\/\/www.aleksandrakomasz-plus.com\/sl\/wp-json\/wp\/v2\/ingredients?post=1586"},{"taxonomy":"product_brand","embeddable":true,"href":"https:\/\/www.aleksandrakomasz-plus.com\/sl\/wp-json\/wp\/v2\/product_brand?post=1586"},{"taxonomy":"product_cat","embeddable":true,"href":"https:\/\/www.aleksandrakomasz-plus.com\/sl\/wp-json\/wp\/v2\/product_cat?post=1586"},{"taxonomy":"product_tag","embeddable":true,"href":"https:\/\/www.aleksandrakomasz-plus.com\/sl\/wp-json\/wp\/v2\/product_tag?post=1586"},{"taxonomy":"product_brands","embeddable":true,"href":"https:\/\/www.aleksandrakomasz-plus.com\/sl\/wp-json\/wp\/v2\/product_brands?post=1586"}],"curies":[{"name":"wp","href":"https:\/\/api.w.org\/{rel}","templated":true}]}}