{"id":1584,"date":"2025-11-27T10:48:49","date_gmt":"2025-11-27T10:48:49","guid":{"rendered":"https:\/\/aleksandrakomasz-plus.com\/product\/heparbion-plus\/"},"modified":"2026-03-27T10:55:55","modified_gmt":"2026-03-27T10:55:55","slug":"heparbion-plus","status":"publish","type":"product","link":"https:\/\/www.aleksandrakomasz-plus.com\/sl\/izdelek\/heparbion-plus\/","title":{"rendered":"Heparbion Plus"},"content":{"rendered":"","protected":false},"excerpt":{"rendered":"<p><span style=\"font-weight: 400;\">Heparbion Plus je izbor grenkih zeli\u0161\u010d za podporo jeter, prebave, presnove ma\u0161\u010dob in razstrupljevalnih procesov v telesu. Jetra so glavni presnovni laboratorij telesa, ki neprestano opravljajo ne\u0161teto funkcij, ki podpirajo delovanje na\u0161ega telesa. Shranjujejo glikogen, predelujejo ma\u0161\u010dobe in sodelujejo pri presnovi beljakovin. Razgrajujejo alkohol, zdravila, hormone in razli\u010dne odpadne in \u0161kodljive snovi, da jih telo lahko izlo\u010di. Jetra proizvajajo tudi \u017eol\u010d. Nepravilna prehrana, alkohol, kajenje, pomanjkanje gibanja in stres lahko mo\u010dno obremeni va\u0161a jetra. V klasi\u010dnih ajurvedskih besedilih so grenka zeli\u0161\u010da, ki jih vsebuje na\u0161a formula, povezana z delovanjem jeter in njihovim celostnim ravnovesjem.<\/span><\/p>\n","protected":false},"featured_media":2491,"comment_status":"open","ping_status":"closed","template":"","meta":{"_acf_changed":false,"_kad_blocks_custom_css":"","_kad_blocks_head_custom_js":"","_kad_blocks_body_custom_js":"","_kad_blocks_footer_custom_js":"","_kad_post_transparent":"default","_kad_post_title":"","_kad_post_layout":"default","_kad_post_sidebar_id":"","_kad_post_content_style":"default","_kad_post_vertical_padding":"default","_kad_post_feature":"","_kad_post_feature_position":"","_kad_post_header":false,"_kad_post_footer":false,"_kad_post_classname":""},"ingredients":[],"product_brand":[],"product_cat":[128,89],"product_tag":[],"product_brands":[],"class_list":{"0":"post-1584","1":"product","2":"type-product","3":"status-publish","4":"has-post-thumbnail","6":"product_cat-bestsellers","7":"product_cat-prehranska-dopolnila-2","9":"first","10":"instock","11":"sale","12":"taxable","13":"shipping-taxable","14":"purchasable","15":"product-type-simple","16":"entry","17":"content-bg","18":"loop-entry"},"acf":[],"taxonomy_info":{"product_cat":[{"value":128,"label":"Najbolje prodajano"},{"value":89,"label":"Prehranska dopolnila"}]},"featured_image_src_large":["https:\/\/www.aleksandrakomasz-plus.com\/wp-content\/uploads\/2025\/11\/Heparbion-4-1024x1024.webp",1024,1024,true],"author_info":[],"comment_info":0,"_links":{"self":[{"href":"https:\/\/www.aleksandrakomasz-plus.com\/sl\/wp-json\/wp\/v2\/product\/1584","targetHints":{"allow":["GET"]}}],"collection":[{"href":"https:\/\/www.aleksandrakomasz-plus.com\/sl\/wp-json\/wp\/v2\/product"}],"about":[{"href":"https:\/\/www.aleksandrakomasz-plus.com\/sl\/wp-json\/wp\/v2\/types\/product"}],"replies":[{"embeddable":true,"href":"https:\/\/www.aleksandrakomasz-plus.com\/sl\/wp-json\/wp\/v2\/comments?post=1584"}],"wp:featuredmedia":[{"embeddable":true,"href":"https:\/\/www.aleksandrakomasz-plus.com\/sl\/wp-json\/wp\/v2\/media\/2491"}],"wp:attachment":[{"href":"https:\/\/www.aleksandrakomasz-plus.com\/sl\/wp-json\/wp\/v2\/media?parent=1584"}],"wp:term":[{"taxonomy":"ingredients","embeddable":true,"href":"https:\/\/www.aleksandrakomasz-plus.com\/sl\/wp-json\/wp\/v2\/ingredients?post=1584"},{"taxonomy":"product_brand","embeddable":true,"href":"https:\/\/www.aleksandrakomasz-plus.com\/sl\/wp-json\/wp\/v2\/product_brand?post=1584"},{"taxonomy":"product_cat","embeddable":true,"href":"https:\/\/www.aleksandrakomasz-plus.com\/sl\/wp-json\/wp\/v2\/product_cat?post=1584"},{"taxonomy":"product_tag","embeddable":true,"href":"https:\/\/www.aleksandrakomasz-plus.com\/sl\/wp-json\/wp\/v2\/product_tag?post=1584"},{"taxonomy":"product_brands","embeddable":true,"href":"https:\/\/www.aleksandrakomasz-plus.com\/sl\/wp-json\/wp\/v2\/product_brands?post=1584"}],"curies":[{"name":"wp","href":"https:\/\/api.w.org\/{rel}","templated":true}]}}