{"id":1455,"date":"2026-01-12T11:47:55","date_gmt":"2026-01-12T11:47:55","guid":{"rendered":"https:\/\/aleksandrakomasz-plus.com\/?post_type=product&#038;p=1455"},"modified":"2026-03-27T10:55:35","modified_gmt":"2026-03-27T10:55:35","slug":"now-tekoci-melatonin-59-ml","status":"publish","type":"product","link":"https:\/\/www.aleksandrakomasz-plus.com\/sl\/izdelek\/now-tekoci-melatonin-59-ml\/","title":{"rendered":"NOW TEKO\u010cI MELATONIN"},"content":{"rendered":"","protected":false},"excerpt":{"rendered":"<p><span style=\"font-weight: 400;\">59 ml, Alkohol: 6 vol. %<\/span><\/p>\n<p><span style=\"font-weight: 400;\">Melatonin je telesu lastni hormon, ki naravno nastaja v \u010de\u0161eriki.<\/span><\/p>\n<p><span style=\"font-weight: 400;\">V krvni obtok vstopa v ritmih, kar pomeni, da so njegove koncentracije v krvi najvi\u0161je pono\u010di, tekom dneva pa se zni\u017eajo. V na\u0161em telesu se pri\u010dne spro\u0161\u010dati pod vplivom teme, zato ga imenujemo tudi no\u010dni ali spalni hormon. Dnevna ali umetna svetloba pa zmanj\u0161ata njegovo produkcijo in izlo\u010danje.<\/span><\/p>\n<p><span style=\"font-weight: 400;\">Vsebuje sladkor in sladilo.<\/span><\/p>\n<p><b>Vegetarijanska\/veganska formula.<\/b><\/p>\n","protected":false},"featured_media":1460,"comment_status":"open","ping_status":"closed","template":"","meta":{"_acf_changed":false,"_kad_blocks_custom_css":"","_kad_blocks_head_custom_js":"","_kad_blocks_body_custom_js":"","_kad_blocks_footer_custom_js":"","_kad_post_transparent":"default","_kad_post_title":"","_kad_post_layout":"default","_kad_post_sidebar_id":"","_kad_post_content_style":"default","_kad_post_vertical_padding":"default","_kad_post_feature":"","_kad_post_feature_position":"","_kad_post_header":false,"_kad_post_footer":false,"_kad_post_classname":""},"ingredients":[],"product_brand":[181],"product_cat":[86],"product_tag":[],"product_brands":[],"class_list":{"0":"post-1455","1":"product","2":"type-product","3":"status-publish","4":"has-post-thumbnail","6":"product_brand-now-foods","7":"product_cat-uncategorized-sl","9":"first","10":"instock","11":"taxable","12":"shipping-taxable","13":"purchasable","14":"product-type-simple","15":"entry","16":"content-bg","17":"loop-entry"},"acf":[],"taxonomy_info":{"product_brand":[{"value":181,"label":"Now Foods"}],"product_cat":[{"value":86,"label":"Uncategorized @sl"}]},"featured_image_src_large":["https:\/\/www.aleksandrakomasz-plus.com\/wp-content\/uploads\/2026\/01\/now-liquid-melatonin-1024x957.webp",1024,957,true],"author_info":[],"comment_info":0,"_links":{"self":[{"href":"https:\/\/www.aleksandrakomasz-plus.com\/sl\/wp-json\/wp\/v2\/product\/1455","targetHints":{"allow":["GET"]}}],"collection":[{"href":"https:\/\/www.aleksandrakomasz-plus.com\/sl\/wp-json\/wp\/v2\/product"}],"about":[{"href":"https:\/\/www.aleksandrakomasz-plus.com\/sl\/wp-json\/wp\/v2\/types\/product"}],"replies":[{"embeddable":true,"href":"https:\/\/www.aleksandrakomasz-plus.com\/sl\/wp-json\/wp\/v2\/comments?post=1455"}],"wp:featuredmedia":[{"embeddable":true,"href":"https:\/\/www.aleksandrakomasz-plus.com\/sl\/wp-json\/wp\/v2\/media\/1460"}],"wp:attachment":[{"href":"https:\/\/www.aleksandrakomasz-plus.com\/sl\/wp-json\/wp\/v2\/media?parent=1455"}],"wp:term":[{"taxonomy":"ingredients","embeddable":true,"href":"https:\/\/www.aleksandrakomasz-plus.com\/sl\/wp-json\/wp\/v2\/ingredients?post=1455"},{"taxonomy":"product_brand","embeddable":true,"href":"https:\/\/www.aleksandrakomasz-plus.com\/sl\/wp-json\/wp\/v2\/product_brand?post=1455"},{"taxonomy":"product_cat","embeddable":true,"href":"https:\/\/www.aleksandrakomasz-plus.com\/sl\/wp-json\/wp\/v2\/product_cat?post=1455"},{"taxonomy":"product_tag","embeddable":true,"href":"https:\/\/www.aleksandrakomasz-plus.com\/sl\/wp-json\/wp\/v2\/product_tag?post=1455"},{"taxonomy":"product_brands","embeddable":true,"href":"https:\/\/www.aleksandrakomasz-plus.com\/sl\/wp-json\/wp\/v2\/product_brands?post=1455"}],"curies":[{"name":"wp","href":"https:\/\/api.w.org\/{rel}","templated":true}]}}