{"id":1288,"date":"2026-01-05T12:25:52","date_gmt":"2026-01-05T12:25:52","guid":{"rendered":"https:\/\/aleksandrakomasz-plus.com\/?post_type=product&#038;p=1288"},"modified":"2026-03-27T11:29:14","modified_gmt":"2026-03-27T11:29:14","slug":"zelezo-kompleks","status":"publish","type":"product","link":"https:\/\/www.aleksandrakomasz-plus.com\/sl\/izdelek\/zelezo-kompleks\/","title":{"rendered":"\u017dELEZO KOMPLEKS"},"content":{"rendered":"","protected":false},"excerpt":{"rendered":"<p><span style=\"font-weight: 400;\">100 kapsul<\/span><\/p>\n<p><span style=\"font-weight: 400;\">Unikatna formula <\/span><b>biorazpolo\u017eljivih <\/b><span style=\"font-weight: 400;\">oblik<\/span> <span style=\"font-weight: 400;\">\u017eeleza (Ferrochel<\/span><span style=\"font-weight: 400;\">\u00ae<\/span><span style=\"font-weight: 400;\"> \u017eelezo) in dodatkov, ki prispevajo k tvorbi hemoglobina ter rde\u010dih krvni\u010dk. Vsebuje \u017eelezo v obliki, ki je<\/span><b> prijazna prebavilom<\/b><span style=\"font-weight: 400;\"> (ne dra\u017ei \u017eelodca in ne povzro\u010da zaprtosti) ter <\/span><b>naravni bioaktivni obliki vitamina B12 in folne kisline, <\/b><span style=\"font-weight: 400;\">ki jih telo lahko takoj uporabi. Formuli so dodani \u0161e fitonutrienti.<\/span><\/p>\n<p><b>Vegetarijansko\/veganska formula.<\/b><\/p>\n<p><span style=\"font-weight: 400;\">\u017delezo je esencialen mineral in ima pomembno vlogo pri prenosu kisika po telesu. Prav tako je klju\u010den element presnove in sestavni del \u0161tevilnih encimov ter hormonov. Njegovo pomanjkanje povzro\u010da utrujenost in iz\u010drpanost, glavobol, razdra\u017eljivost ter slabo koncentracijo. Vodi pa tudi do slab\u0161e fizi\u010dne zmogljivosti, nepravilnega delovanja imunskega sistema, motenj termoregulacije in drugih stanj.\u00a0<\/span><\/p>\n","protected":false},"featured_media":1508,"comment_status":"open","ping_status":"closed","template":"","meta":{"_acf_changed":false,"_kad_blocks_custom_css":"","_kad_blocks_head_custom_js":"","_kad_blocks_body_custom_js":"","_kad_blocks_footer_custom_js":"","_kad_post_transparent":"default","_kad_post_title":"","_kad_post_layout":"default","_kad_post_sidebar_id":"","_kad_post_content_style":"default","_kad_post_vertical_padding":"default","_kad_post_feature":"","_kad_post_feature_position":"","_kad_post_header":false,"_kad_post_footer":false,"_kad_post_classname":""},"ingredients":[],"product_brand":[181],"product_cat":[86],"product_tag":[],"product_brands":[],"class_list":{"0":"post-1288","1":"product","2":"type-product","3":"status-publish","4":"has-post-thumbnail","6":"product_brand-now-foods","7":"product_cat-uncategorized-sl","9":"first","10":"outofstock","11":"taxable","12":"shipping-taxable","13":"purchasable","14":"product-type-simple","15":"entry","16":"content-bg","17":"loop-entry"},"acf":[],"taxonomy_info":{"product_brand":[{"value":181,"label":"Now Foods"}],"product_cat":[{"value":86,"label":"Uncategorized @sl"}]},"featured_image_src_large":["https:\/\/www.aleksandrakomasz-plus.com\/wp-content\/uploads\/2026\/01\/31.avif",800,800,false],"author_info":[],"comment_info":0,"_links":{"self":[{"href":"https:\/\/www.aleksandrakomasz-plus.com\/sl\/wp-json\/wp\/v2\/product\/1288","targetHints":{"allow":["GET"]}}],"collection":[{"href":"https:\/\/www.aleksandrakomasz-plus.com\/sl\/wp-json\/wp\/v2\/product"}],"about":[{"href":"https:\/\/www.aleksandrakomasz-plus.com\/sl\/wp-json\/wp\/v2\/types\/product"}],"replies":[{"embeddable":true,"href":"https:\/\/www.aleksandrakomasz-plus.com\/sl\/wp-json\/wp\/v2\/comments?post=1288"}],"wp:featuredmedia":[{"embeddable":true,"href":"https:\/\/www.aleksandrakomasz-plus.com\/sl\/wp-json\/wp\/v2\/media\/1508"}],"wp:attachment":[{"href":"https:\/\/www.aleksandrakomasz-plus.com\/sl\/wp-json\/wp\/v2\/media?parent=1288"}],"wp:term":[{"taxonomy":"ingredients","embeddable":true,"href":"https:\/\/www.aleksandrakomasz-plus.com\/sl\/wp-json\/wp\/v2\/ingredients?post=1288"},{"taxonomy":"product_brand","embeddable":true,"href":"https:\/\/www.aleksandrakomasz-plus.com\/sl\/wp-json\/wp\/v2\/product_brand?post=1288"},{"taxonomy":"product_cat","embeddable":true,"href":"https:\/\/www.aleksandrakomasz-plus.com\/sl\/wp-json\/wp\/v2\/product_cat?post=1288"},{"taxonomy":"product_tag","embeddable":true,"href":"https:\/\/www.aleksandrakomasz-plus.com\/sl\/wp-json\/wp\/v2\/product_tag?post=1288"},{"taxonomy":"product_brands","embeddable":true,"href":"https:\/\/www.aleksandrakomasz-plus.com\/sl\/wp-json\/wp\/v2\/product_brands?post=1288"}],"curies":[{"name":"wp","href":"https:\/\/api.w.org\/{rel}","templated":true}]}}