{"id":1276,"date":"2026-01-05T10:53:20","date_gmt":"2026-01-05T10:53:20","guid":{"rendered":"https:\/\/aleksandrakomasz-plus.com\/?post_type=product&#038;p=1276"},"modified":"2026-03-27T10:55:30","modified_gmt":"2026-03-27T10:55:30","slug":"super-omega-3-6-9","status":"publish","type":"product","link":"https:\/\/www.aleksandrakomasz-plus.com\/sl\/izdelek\/super-omega-3-6-9\/","title":{"rendered":"NOW SUPER OMEGA 3-6-9"},"content":{"rendered":"","protected":false},"excerpt":{"rendered":"<p><span style=\"font-weight: 400;\">1200 mg, 90 mehkih kapsul <\/span><\/p>\n<p><b>Super Omega 3-6-9 je me\u0161anica zdravju koristnih olj iz rib, zdravilne borage in lanenega semena.<\/b> <b>Predstavlja edinstveno formulo z uravnote\u017eenim razmerjem esencialnih Omega-3 in Omega-6 ma\u0161\u010dobnih kislin ter Omega-9 ma\u0161\u010dobne kisline, ki ni esencialna, a vendar koristna ma\u0161\u010dobna kislina.<\/b><\/p>\n<p><span style=\"font-weight: 400;\">Naravni koncentrat ribjega olja v tem pripravku je proizveden pod strogim nadzorom kakovosti, ki zagotavlja, da ribje olje ne vsebuje zdravju \u0161kodljivih koli\u010din potencialno strupenih onesna\u017eevalcev (npr. \u017eivega srebra, te\u017ekih kovin, polikloriranih bifenilov, dioksina in drugih). <\/span><\/p>\n","protected":false},"featured_media":1280,"comment_status":"open","ping_status":"closed","template":"","meta":{"_acf_changed":false,"_kad_blocks_custom_css":"","_kad_blocks_head_custom_js":"","_kad_blocks_body_custom_js":"","_kad_blocks_footer_custom_js":"","_kad_post_transparent":"default","_kad_post_title":"","_kad_post_layout":"default","_kad_post_sidebar_id":"","_kad_post_content_style":"default","_kad_post_vertical_padding":"default","_kad_post_feature":"","_kad_post_feature_position":"","_kad_post_header":false,"_kad_post_footer":false,"_kad_post_classname":""},"ingredients":[],"product_brand":[181],"product_cat":[86],"product_tag":[],"product_brands":[],"class_list":{"0":"post-1276","1":"product","2":"type-product","3":"status-publish","4":"has-post-thumbnail","6":"product_brand-now-foods","7":"product_cat-uncategorized-sl","9":"first","10":"instock","11":"taxable","12":"shipping-taxable","13":"purchasable","14":"product-type-simple","15":"entry","16":"content-bg","17":"loop-entry"},"acf":[],"taxonomy_info":{"product_brand":[{"value":181,"label":"Now Foods"}],"product_cat":[{"value":86,"label":"Uncategorized @sl"}]},"featured_image_src_large":["https:\/\/www.aleksandrakomasz-plus.com\/wp-content\/uploads\/2026\/01\/39-1024x1024.avif",1024,1024,true],"author_info":[],"comment_info":0,"_links":{"self":[{"href":"https:\/\/www.aleksandrakomasz-plus.com\/sl\/wp-json\/wp\/v2\/product\/1276","targetHints":{"allow":["GET"]}}],"collection":[{"href":"https:\/\/www.aleksandrakomasz-plus.com\/sl\/wp-json\/wp\/v2\/product"}],"about":[{"href":"https:\/\/www.aleksandrakomasz-plus.com\/sl\/wp-json\/wp\/v2\/types\/product"}],"replies":[{"embeddable":true,"href":"https:\/\/www.aleksandrakomasz-plus.com\/sl\/wp-json\/wp\/v2\/comments?post=1276"}],"wp:featuredmedia":[{"embeddable":true,"href":"https:\/\/www.aleksandrakomasz-plus.com\/sl\/wp-json\/wp\/v2\/media\/1280"}],"wp:attachment":[{"href":"https:\/\/www.aleksandrakomasz-plus.com\/sl\/wp-json\/wp\/v2\/media?parent=1276"}],"wp:term":[{"taxonomy":"ingredients","embeddable":true,"href":"https:\/\/www.aleksandrakomasz-plus.com\/sl\/wp-json\/wp\/v2\/ingredients?post=1276"},{"taxonomy":"product_brand","embeddable":true,"href":"https:\/\/www.aleksandrakomasz-plus.com\/sl\/wp-json\/wp\/v2\/product_brand?post=1276"},{"taxonomy":"product_cat","embeddable":true,"href":"https:\/\/www.aleksandrakomasz-plus.com\/sl\/wp-json\/wp\/v2\/product_cat?post=1276"},{"taxonomy":"product_tag","embeddable":true,"href":"https:\/\/www.aleksandrakomasz-plus.com\/sl\/wp-json\/wp\/v2\/product_tag?post=1276"},{"taxonomy":"product_brands","embeddable":true,"href":"https:\/\/www.aleksandrakomasz-plus.com\/sl\/wp-json\/wp\/v2\/product_brands?post=1276"}],"curies":[{"name":"wp","href":"https:\/\/api.w.org\/{rel}","templated":true}]}}